{"id":12,"date":"2026-03-13T12:30:45","date_gmt":"2026-03-13T12:30:45","guid":{"rendered":"https:\/\/obrasbuspi.rkinformatika.online\/?page_id=12"},"modified":"2026-03-13T15:58:07","modified_gmt":"2026-03-13T15:58:07","slug":"servicios","status":"publish","type":"page","link":"https:\/\/obrasbuspi.com\/eu\/servicios\/","title":{"rendered":"Zerbitzuak"},"content":{"rendered":"<div data-elementor-type=\"wp-page\" data-elementor-id=\"12\" class=\"elementor elementor-12\" data-elementor-post-type=\"page\">\n\t\t\t\t<div class=\"elementor-element elementor-element-9bb4aa2 e-flex e-con-boxed e-con e-parent\" data-id=\"9bb4aa2\" data-element_type=\"container\" data-e-type=\"container\" data-settings=\"{&quot;background_background&quot;:&quot;classic&quot;}\">\n\t\t\t\t\t<div class=\"e-con-inner\">\n\t\t\t\t<div class=\"elementor-element elementor-element-e6502eb elementor-widget elementor-widget-heading\" data-id=\"e6502eb\" data-element_type=\"widget\" data-e-type=\"widget\" data-widget_type=\"heading.default\">\n\t\t\t\t\t<h2 class=\"elementor-heading-title elementor-size-default\">Zerbitzuak<\/h2>\t\t\t\t<\/div>\n\t\t\t\t\t<\/div>\n\t\t\t\t<\/div>\n\t\t<div class=\"elementor-element elementor-element-47de836 e-flex e-con-boxed e-con e-parent\" data-id=\"47de836\" data-element_type=\"container\" data-e-type=\"container\" data-settings=\"{&quot;background_background&quot;:&quot;classic&quot;}\">\n\t\t\t\t\t<div class=\"e-con-inner\">\n\t\t<div class=\"elementor-element elementor-element-5af5d9c e-con-full e-flex e-con e-child\" data-id=\"5af5d9c\" data-element_type=\"container\" data-e-type=\"container\" data-settings=\"{&quot;background_background&quot;:&quot;classic&quot;}\">\n\t\t<div class=\"elementor-element elementor-element-4443794 e-con-full e-flex e-con e-child\" data-id=\"4443794\" data-element_type=\"container\" data-e-type=\"container\">\n\t\t\t\t<div class=\"elementor-element elementor-element-28a3f2b elementor-widget elementor-widget-image\" data-id=\"28a3f2b\" data-element_type=\"widget\" data-e-type=\"widget\" data-widget_type=\"image.default\">\n\t\t\t\t\t\t\t\t\t\t\t\t\t\t\t<img fetchpriority=\"high\" decoding=\"async\" width=\"800\" height=\"562\" src=\"https:\/\/obrasbuspi.com\/wp-content\/uploads\/2026\/03\/Diseno-sin-titulo-6-1024x719.png\" class=\"attachment-large size-large wp-image-174\" alt=\"\" srcset=\"https:\/\/obrasbuspi.com\/wp-content\/uploads\/2026\/03\/Diseno-sin-titulo-6-1024x719.png 1024w, https:\/\/obrasbuspi.com\/wp-content\/uploads\/2026\/03\/Diseno-sin-titulo-6-300x211.png 300w, https:\/\/obrasbuspi.com\/wp-content\/uploads\/2026\/03\/Diseno-sin-titulo-6-768x539.png 768w, https:\/\/obrasbuspi.com\/wp-content\/uploads\/2026\/03\/Diseno-sin-titulo-6-18x12.png 18w, https:\/\/obrasbuspi.com\/wp-content\/uploads\/2026\/03\/Diseno-sin-titulo-6.png 1302w\" sizes=\"(max-width: 800px) 100vw, 800px\" \/>\t\t\t\t\t\t\t\t\t\t\t\t\t\t\t<\/div>\n\t\t\t\t<\/div>\n\t\t<div class=\"elementor-element elementor-element-7537031 e-con-full e-flex e-con e-child\" data-id=\"7537031\" data-element_type=\"container\" data-e-type=\"container\">\n\t\t\t\t<div class=\"elementor-element elementor-element-36540d1 elementor-widget elementor-widget-heading\" data-id=\"36540d1\" data-element_type=\"widget\" data-e-type=\"widget\" data-widget_type=\"heading.default\">\n\t\t\t\t\t<h2 class=\"elementor-heading-title elementor-size-default\">Nuestras Obras<\/h2>\t\t\t\t<\/div>\n\t\t\t\t<div class=\"elementor-element elementor-element-7a2a412 elementor-widget elementor-widget-text-editor\" data-id=\"7a2a412\" data-element_type=\"widget\" data-e-type=\"widget\" data-widget_type=\"text-editor.default\">\n\t\t\t\t\t\t\t\t\t<p>En Obras Buspi, nos especializamos en la transformaci\u00f3n integral de estructuras, garantizando la m\u00e1xima durabilidad y est\u00e9tica en cada proyecto. Nuestra experiencia abarca desde la rehabilitaci\u00f3n de fachadas y cubiertas para mejorar la eficiencia del edificio, hasta la renovaci\u00f3n t\u00e9cnica de garajes e interiores, cuidando siempre el detalle y la seguridad para devolverle la vida a cada espacio.<\/p>\t\t\t\t\t\t\t\t<\/div>\n\t\t\t\t<\/div>\n\t\t\t\t<\/div>\n\t\t\t\t\t<\/div>\n\t\t\t\t<\/div>\n\t\t<div class=\"elementor-element elementor-element-8b1eeb8 e-flex e-con-boxed e-con e-parent\" data-id=\"8b1eeb8\" data-element_type=\"container\" data-e-type=\"container\" data-settings=\"{&quot;background_background&quot;:&quot;classic&quot;}\">\n\t\t\t\t\t<div class=\"e-con-inner\">\n\t\t\t\t<div class=\"elementor-element elementor-element-4259998 elementor-widget elementor-widget-heading\" data-id=\"4259998\" data-element_type=\"widget\" data-e-type=\"widget\" data-widget_type=\"heading.default\">\n\t\t\t\t\t<h2 class=\"elementor-heading-title elementor-size-default\">\u00bfTienes algo que podamos arreglar?<\/h2>\t\t\t\t<\/div>\n\t\t\t\t<div class=\"elementor-element elementor-element-49993d8 elementor-align-center elementor-widget elementor-widget-button\" data-id=\"49993d8\" data-element_type=\"widget\" data-e-type=\"widget\" data-widget_type=\"button.default\">\n\t\t\t\t\t\t\t\t\t\t<a class=\"elementor-button elementor-button-link elementor-size-sm\" href=\"https:\/\/obrasbuspi.com\/eu\/contacto\/\">\n\t\t\t\t\t\t<span class=\"elementor-button-content-wrapper\">\n\t\t\t\t\t\t\t\t\t<span class=\"elementor-button-text\">Egin klik hemen<\/span>\n\t\t\t\t\t<\/span>\n\t\t\t\t\t<\/a>\n\t\t\t\t\t\t\t\t<\/div>\n\t\t\t\t\t<\/div>\n\t\t\t\t<\/div>\n\t\t\t\t<\/div>","protected":false},"excerpt":{"rendered":"<p>Servicios Nuestras Obras En Obras Buspi, nos especializamos en la transformaci\u00f3n integral de estructuras, garantizando la m\u00e1xima durabilidad y est\u00e9tica en cada proyecto. Nuestra experiencia abarca desde la rehabilitaci\u00f3n de fachadas y cubiertas para mejorar la eficiencia del edificio, hasta la renovaci\u00f3n t\u00e9cnica de garajes e interiores, cuidando siempre el detalle y la seguridad para [&hellip;]<\/p>\n","protected":false},"author":1,"featured_media":0,"parent":0,"menu_order":0,"comment_status":"closed","ping_status":"closed","template":"elementor_canvas","meta":{"footnotes":""},"class_list":["post-12","page","type-page","status-publish","hentry"],"yoast_head":"<!-- This site is optimized with the Yoast SEO plugin v27.4 - https:\/\/yoast.com\/product\/yoast-seo-wordpress\/ -->\n<title>Servicios - Obras Buspi S.L.<\/title>\n<meta name=\"robots\" content=\"index, follow, max-snippet:-1, max-image-preview:large, max-video-preview:-1\" \/>\n<link rel=\"canonical\" href=\"https:\/\/obrasbuspi.com\/eu\/servicios\/\" \/>\n<meta property=\"og:locale\" content=\"en_US\" \/>\n<meta property=\"og:type\" content=\"article\" \/>\n<meta property=\"og:title\" content=\"Servicios - Obras Buspi S.L.\" \/>\n<meta property=\"og:description\" content=\"Servicios Nuestras Obras En Obras Buspi, nos especializamos en la transformaci\u00f3n integral de estructuras, garantizando la m\u00e1xima durabilidad y est\u00e9tica en cada proyecto. Nuestra experiencia abarca desde la rehabilitaci\u00f3n de fachadas y cubiertas para mejorar la eficiencia del edificio, hasta la renovaci\u00f3n t\u00e9cnica de garajes e interiores, cuidando siempre el detalle y la seguridad para [&hellip;]\" \/>\n<meta property=\"og:url\" content=\"https:\/\/obrasbuspi.com\/eu\/servicios\/\" \/>\n<meta property=\"og:site_name\" content=\"Obras Buspi S.L.\" \/>\n<meta property=\"article:modified_time\" content=\"2026-03-13T15:58:07+00:00\" \/>\n<meta property=\"og:image\" content=\"https:\/\/obrasbuspi.com\/wp-content\/uploads\/2026\/03\/Diseno-sin-titulo-6-1024x719.png\" \/>\n<meta name=\"twitter:card\" content=\"summary_large_image\" \/>\n<script type=\"application\/ld+json\" class=\"yoast-schema-graph\">{\"@context\":\"https:\\\/\\\/schema.org\",\"@graph\":[{\"@type\":\"WebPage\",\"@id\":\"https:\\\/\\\/obrasbuspi.com\\\/servicios\\\/\",\"url\":\"https:\\\/\\\/obrasbuspi.com\\\/servicios\\\/\",\"name\":\"Servicios - Obras Buspi S.L.\",\"isPartOf\":{\"@id\":\"https:\\\/\\\/obrasbuspi.com\\\/#website\"},\"primaryImageOfPage\":{\"@id\":\"https:\\\/\\\/obrasbuspi.com\\\/servicios\\\/#primaryimage\"},\"image\":{\"@id\":\"https:\\\/\\\/obrasbuspi.com\\\/servicios\\\/#primaryimage\"},\"thumbnailUrl\":\"https:\\\/\\\/obrasbuspi.com\\\/wp-content\\\/uploads\\\/2026\\\/03\\\/Diseno-sin-titulo-6-1024x719.png\",\"datePublished\":\"2026-03-13T12:30:45+00:00\",\"dateModified\":\"2026-03-13T15:58:07+00:00\",\"breadcrumb\":{\"@id\":\"https:\\\/\\\/obrasbuspi.com\\\/servicios\\\/#breadcrumb\"},\"inLanguage\":\"eu\",\"potentialAction\":[{\"@type\":\"ReadAction\",\"target\":[\"https:\\\/\\\/obrasbuspi.com\\\/servicios\\\/\"]}]},{\"@type\":\"ImageObject\",\"inLanguage\":\"eu\",\"@id\":\"https:\\\/\\\/obrasbuspi.com\\\/servicios\\\/#primaryimage\",\"url\":\"https:\\\/\\\/obrasbuspi.com\\\/wp-content\\\/uploads\\\/2026\\\/03\\\/Diseno-sin-titulo-6-1024x719.png\",\"contentUrl\":\"https:\\\/\\\/obrasbuspi.com\\\/wp-content\\\/uploads\\\/2026\\\/03\\\/Diseno-sin-titulo-6-1024x719.png\"},{\"@type\":\"BreadcrumbList\",\"@id\":\"https:\\\/\\\/obrasbuspi.com\\\/servicios\\\/#breadcrumb\",\"itemListElement\":[{\"@type\":\"ListItem\",\"position\":1,\"name\":\"Portada\",\"item\":\"https:\\\/\\\/obrasbuspi.com\\\/\"},{\"@type\":\"ListItem\",\"position\":2,\"name\":\"Servicios\"}]},{\"@type\":\"WebSite\",\"@id\":\"https:\\\/\\\/obrasbuspi.com\\\/#website\",\"url\":\"https:\\\/\\\/obrasbuspi.com\\\/\",\"name\":\"Obras Buspi S.L.\",\"description\":\"\",\"publisher\":{\"@id\":\"https:\\\/\\\/obrasbuspi.com\\\/#organization\"},\"potentialAction\":[{\"@type\":\"SearchAction\",\"target\":{\"@type\":\"EntryPoint\",\"urlTemplate\":\"https:\\\/\\\/obrasbuspi.com\\\/?s={search_term_string}\"},\"query-input\":{\"@type\":\"PropertyValueSpecification\",\"valueRequired\":true,\"valueName\":\"search_term_string\"}}],\"inLanguage\":\"eu\"},{\"@type\":\"Organization\",\"@id\":\"https:\\\/\\\/obrasbuspi.com\\\/#organization\",\"name\":\"Obras Buspi S.L.\",\"url\":\"https:\\\/\\\/obrasbuspi.com\\\/\",\"logo\":{\"@type\":\"ImageObject\",\"inLanguage\":\"eu\",\"@id\":\"https:\\\/\\\/obrasbuspi.com\\\/#\\\/schema\\\/logo\\\/image\\\/\",\"url\":\"https:\\\/\\\/obrasbuspi.com\\\/wp-content\\\/uploads\\\/2026\\\/03\\\/cropped-obrasbuspi202603_logo_web-scaled-1.png\",\"contentUrl\":\"https:\\\/\\\/obrasbuspi.com\\\/wp-content\\\/uploads\\\/2026\\\/03\\\/cropped-obrasbuspi202603_logo_web-scaled-1.png\",\"width\":2557,\"height\":1932,\"caption\":\"Obras Buspi S.L.\"},\"image\":{\"@id\":\"https:\\\/\\\/obrasbuspi.com\\\/#\\\/schema\\\/logo\\\/image\\\/\"}}]}<\/script>\n<!-- \/ Yoast SEO plugin. -->","yoast_head_json":{"title":"Servicios - Obras Buspi S.L.","robots":{"index":"index","follow":"follow","max-snippet":"max-snippet:-1","max-image-preview":"max-image-preview:large","max-video-preview":"max-video-preview:-1"},"canonical":"https:\/\/obrasbuspi.com\/eu\/servicios\/","og_locale":"en_US","og_type":"article","og_title":"Servicios - Obras Buspi S.L.","og_description":"Servicios Nuestras Obras En Obras Buspi, nos especializamos en la transformaci\u00f3n integral de estructuras, garantizando la m\u00e1xima durabilidad y est\u00e9tica en cada proyecto. Nuestra experiencia abarca desde la rehabilitaci\u00f3n de fachadas y cubiertas para mejorar la eficiencia del edificio, hasta la renovaci\u00f3n t\u00e9cnica de garajes e interiores, cuidando siempre el detalle y la seguridad para [&hellip;]","og_url":"https:\/\/obrasbuspi.com\/eu\/servicios\/","og_site_name":"Obras Buspi S.L.","article_modified_time":"2026-03-13T15:58:07+00:00","og_image":[{"url":"https:\/\/obrasbuspi.com\/wp-content\/uploads\/2026\/03\/Diseno-sin-titulo-6-1024x719.png","type":"","width":"","height":""}],"twitter_card":"summary_large_image","schema":{"@context":"https:\/\/schema.org","@graph":[{"@type":"WebPage","@id":"https:\/\/obrasbuspi.com\/servicios\/","url":"https:\/\/obrasbuspi.com\/servicios\/","name":"Servicios - Obras Buspi S.L.","isPartOf":{"@id":"https:\/\/obrasbuspi.com\/#website"},"primaryImageOfPage":{"@id":"https:\/\/obrasbuspi.com\/servicios\/#primaryimage"},"image":{"@id":"https:\/\/obrasbuspi.com\/servicios\/#primaryimage"},"thumbnailUrl":"https:\/\/obrasbuspi.com\/wp-content\/uploads\/2026\/03\/Diseno-sin-titulo-6-1024x719.png","datePublished":"2026-03-13T12:30:45+00:00","dateModified":"2026-03-13T15:58:07+00:00","breadcrumb":{"@id":"https:\/\/obrasbuspi.com\/servicios\/#breadcrumb"},"inLanguage":"eu","potentialAction":[{"@type":"ReadAction","target":["https:\/\/obrasbuspi.com\/servicios\/"]}]},{"@type":"ImageObject","inLanguage":"eu","@id":"https:\/\/obrasbuspi.com\/servicios\/#primaryimage","url":"https:\/\/obrasbuspi.com\/wp-content\/uploads\/2026\/03\/Diseno-sin-titulo-6-1024x719.png","contentUrl":"https:\/\/obrasbuspi.com\/wp-content\/uploads\/2026\/03\/Diseno-sin-titulo-6-1024x719.png"},{"@type":"BreadcrumbList","@id":"https:\/\/obrasbuspi.com\/servicios\/#breadcrumb","itemListElement":[{"@type":"ListItem","position":1,"name":"Portada","item":"https:\/\/obrasbuspi.com\/"},{"@type":"ListItem","position":2,"name":"Servicios"}]},{"@type":"WebSite","@id":"https:\/\/obrasbuspi.com\/#website","url":"https:\/\/obrasbuspi.com\/","name":"Obras Buspi S.L.","description":"","publisher":{"@id":"https:\/\/obrasbuspi.com\/#organization"},"potentialAction":[{"@type":"SearchAction","target":{"@type":"EntryPoint","urlTemplate":"https:\/\/obrasbuspi.com\/?s={search_term_string}"},"query-input":{"@type":"PropertyValueSpecification","valueRequired":true,"valueName":"search_term_string"}}],"inLanguage":"eu"},{"@type":"Organization","@id":"https:\/\/obrasbuspi.com\/#organization","name":"Obras Buspi S.L.","url":"https:\/\/obrasbuspi.com\/","logo":{"@type":"ImageObject","inLanguage":"eu","@id":"https:\/\/obrasbuspi.com\/#\/schema\/logo\/image\/","url":"https:\/\/obrasbuspi.com\/wp-content\/uploads\/2026\/03\/cropped-obrasbuspi202603_logo_web-scaled-1.png","contentUrl":"https:\/\/obrasbuspi.com\/wp-content\/uploads\/2026\/03\/cropped-obrasbuspi202603_logo_web-scaled-1.png","width":2557,"height":1932,"caption":"Obras Buspi S.L."},"image":{"@id":"https:\/\/obrasbuspi.com\/#\/schema\/logo\/image\/"}}]}},"_links":{"self":[{"href":"https:\/\/obrasbuspi.com\/eu\/wp-json\/wp\/v2\/pages\/12","targetHints":{"allow":["GET"]}}],"collection":[{"href":"https:\/\/obrasbuspi.com\/eu\/wp-json\/wp\/v2\/pages"}],"about":[{"href":"https:\/\/obrasbuspi.com\/eu\/wp-json\/wp\/v2\/types\/page"}],"author":[{"embeddable":true,"href":"https:\/\/obrasbuspi.com\/eu\/wp-json\/wp\/v2\/users\/1"}],"replies":[{"embeddable":true,"href":"https:\/\/obrasbuspi.com\/eu\/wp-json\/wp\/v2\/comments?post=12"}],"version-history":[{"count":43,"href":"https:\/\/obrasbuspi.com\/eu\/wp-json\/wp\/v2\/pages\/12\/revisions"}],"predecessor-version":[{"id":218,"href":"https:\/\/obrasbuspi.com\/eu\/wp-json\/wp\/v2\/pages\/12\/revisions\/218"}],"wp:attachment":[{"href":"https:\/\/obrasbuspi.com\/eu\/wp-json\/wp\/v2\/media?parent=12"}],"curies":[{"name":"wp","href":"https:\/\/api.w.org\/{rel}","templated":true}]}}