{"id":9,"date":"2026-03-13T12:29:11","date_gmt":"2026-03-13T12:29:11","guid":{"rendered":"https:\/\/obrasbuspi.rkinformatika.online\/?page_id=9"},"modified":"2026-03-13T16:18:32","modified_gmt":"2026-03-13T16:18:32","slug":"inicio","status":"publish","type":"page","link":"https:\/\/obrasbuspi.com\/eu\/","title":{"rendered":"Hasiera"},"content":{"rendered":"<div data-elementor-type=\"wp-page\" data-elementor-id=\"9\" class=\"elementor elementor-9\" data-elementor-post-type=\"page\">\n\t\t\t\t<div class=\"elementor-element elementor-element-a983888 e-flex e-con-boxed e-con e-parent\" data-id=\"a983888\" data-element_type=\"container\" data-e-type=\"container\" data-settings=\"{&quot;background_background&quot;:&quot;classic&quot;}\">\n\t\t\t\t\t<div class=\"e-con-inner\">\n\t\t\t\t<div class=\"elementor-element elementor-element-3db7705 elementor-widget elementor-widget-heading\" data-id=\"3db7705\" data-element_type=\"widget\" data-e-type=\"widget\" data-widget_type=\"heading.default\">\n\t\t\t\t\t<h2 class=\"elementor-heading-title elementor-size-default\">BUSPI OBRAK<\/h2>\t\t\t\t<\/div>\n\t\t\t\t<div class=\"elementor-element elementor-element-453ac81 elementor-widget elementor-widget-text-editor\" data-id=\"453ac81\" data-element_type=\"widget\" data-e-type=\"widget\" data-widget_type=\"text-editor.default\">\n\t\t\t\t\t\t\t\t\t<p>Espezialistak zure espazioa eraldatzen eta babesten.<\/p>\t\t\t\t\t\t\t\t<\/div>\n\t\t\t\t\t<\/div>\n\t\t\t\t<\/div>\n\t\t<div class=\"elementor-element elementor-element-050e59a e-flex e-con-boxed e-con e-parent\" data-id=\"050e59a\" data-element_type=\"container\" data-e-type=\"container\" data-settings=\"{&quot;background_background&quot;:&quot;classic&quot;}\">\n\t\t\t\t\t<div class=\"e-con-inner\">\n\t\t<div class=\"elementor-element elementor-element-2ca4b1e e-con-full e-flex e-con e-child\" data-id=\"2ca4b1e\" data-element_type=\"container\" data-e-type=\"container\">\n\t\t\t\t<div class=\"elementor-element elementor-element-d7da1a1 elementor-widget elementor-widget-image\" data-id=\"d7da1a1\" data-element_type=\"widget\" data-e-type=\"widget\" data-widget_type=\"image.default\">\n\t\t\t\t\t\t\t\t\t\t\t\t\t\t\t<img fetchpriority=\"high\" decoding=\"async\" width=\"800\" height=\"562\" src=\"https:\/\/obrasbuspi.com\/wp-content\/uploads\/2026\/03\/Diseno-sin-titulo-9-1024x719.png\" class=\"attachment-large size-large wp-image-242\" alt=\"\" srcset=\"https:\/\/obrasbuspi.com\/wp-content\/uploads\/2026\/03\/Diseno-sin-titulo-9-1024x719.png 1024w, https:\/\/obrasbuspi.com\/wp-content\/uploads\/2026\/03\/Diseno-sin-titulo-9-300x211.png 300w, https:\/\/obrasbuspi.com\/wp-content\/uploads\/2026\/03\/Diseno-sin-titulo-9-768x539.png 768w, https:\/\/obrasbuspi.com\/wp-content\/uploads\/2026\/03\/Diseno-sin-titulo-9-18x12.png 18w, https:\/\/obrasbuspi.com\/wp-content\/uploads\/2026\/03\/Diseno-sin-titulo-9.png 1302w\" sizes=\"(max-width: 800px) 100vw, 800px\" \/>\t\t\t\t\t\t\t\t\t\t\t\t\t\t\t<\/div>\n\t\t\t\t<\/div>\n\t\t<div class=\"elementor-element elementor-element-3ed73e1 e-con-full e-flex e-con e-child\" data-id=\"3ed73e1\" data-element_type=\"container\" data-e-type=\"container\">\n\t\t\t\t<div class=\"elementor-element elementor-element-dbaf218 elementor-widget elementor-widget-heading\" data-id=\"dbaf218\" data-element_type=\"widget\" data-e-type=\"widget\" data-widget_type=\"heading.default\">\n\t\t\t\t\t<h2 class=\"elementor-heading-title elementor-size-default\">Gure historia<\/h2>\t\t\t\t<\/div>\n\t\t\t\t<div class=\"elementor-element elementor-element-c86c622 elementor-widget elementor-widget-text-editor\" data-id=\"c86c622\" data-element_type=\"widget\" data-e-type=\"widget\" data-widget_type=\"text-editor.default\">\n\t\t\t\t\t\t\t\t\t<p data-path-to-node=\"4\">Buspi Obrak ikuspegi argi batetik jaio zen: eraikuntzaren sektorea modernizatzea, proiektu bakoitzarekiko benetako hurbiltasunaren eta konpromisoaren bidez. Enpresa gaztea gara, errehabilitazio bakoitza pertsonen bizitza hobetzeko aukera bat dela uste duen talde baten energiak bultzatua.<\/p><p data-path-to-node=\"5\">Gure ibilbidea idazten hasia bada ere, gure nortasuna sendoa da. Ez dugu enpresarik handiena izan nahi, fidagarriena baizik. Hazkunde-etapa honetan, bezero bakoitzak gure arreta osoa jasotzen du, eta obra bakoitza gure aurkezpen-gutunik onena bihurtzen da.<\/p>\t\t\t\t\t\t\t\t<\/div>\n\t\t\t\t<\/div>\n\t\t\t\t\t<\/div>\n\t\t\t\t<\/div>\n\t\t<div class=\"elementor-element elementor-element-407ecec e-flex e-con-boxed e-con e-parent\" data-id=\"407ecec\" data-element_type=\"container\" data-e-type=\"container\" data-settings=\"{&quot;background_background&quot;:&quot;classic&quot;}\">\n\t\t\t\t\t<div class=\"e-con-inner\">\n\t\t<div class=\"elementor-element elementor-element-204eb6f e-flex e-con-boxed e-con e-child\" data-id=\"204eb6f\" data-element_type=\"container\" data-e-type=\"container\">\n\t\t\t\t\t<div class=\"e-con-inner\">\n\t\t\t\t<div class=\"elementor-element elementor-element-52c6bbe elementor-widget elementor-widget-heading\" data-id=\"52c6bbe\" data-element_type=\"widget\" data-e-type=\"widget\" data-widget_type=\"heading.default\">\n\t\t\t\t\t<h2 class=\"elementor-heading-title elementor-size-default\">Zergatik aukeratu gu?<\/h2>\t\t\t\t<\/div>\n\t\t\t\t<div class=\"elementor-element elementor-element-728a851 elementor-widget elementor-widget-text-editor\" data-id=\"728a851\" data-element_type=\"widget\" data-e-type=\"widget\" data-widget_type=\"text-editor.default\">\n\t\t\t\t\t\t\t\t\t<p data-path-to-node=\"3\">Badakigu obra bat eskuordetzea erabaki garrantzitsua dela. Enpresa gaztea bagara ere, gure egiturak aukera ematen digu korporazio handiek ahaztu ohi dituzten onurak eskaintzeko:<\/p><ul data-path-to-node=\"4\"><li><p data-path-to-node=\"4,0,0\">Tratu zuzena eta pertsonalizatua: Hemen ez zara beste espediente-zenbaki bat. Arduradunekin zuzenean hitz egingo duzu, zure ideiak imajinatu bezala entzuten eta gauzatzen direla ziurtatuz.<\/p><\/li><li><p data-path-to-node=\"4,1,0\">Epeekin konpromisoa: Garapen betean gaudenez, proiektu bakoitza da gure lehentasun osoa. Gure energia eta baliabide guztiak adostutako denborak betetzeko jartzen ditugu.<\/p><\/li><li><p data-path-to-node=\"4,2,0\">Aurrekontu gardenak: Azken orduko ezustekorik gabe. Zintzotasunean sinesten dugu lehen minututik, gure bezeroekin epe luzerako harremana eraikitzeko oinarri gisa.<\/p><\/li><li><p data-path-to-node=\"4,3,0\">Malgutasuna eta egokitzapena: Zure eraikinaren edo etxebizitzaren behar espezifikoetara egokitzen gara, betiere zuretzako soluzio tekniko eraginkorrena eta ekonomikoena bilatuz.<\/p><\/li><li><p data-path-to-node=\"4,4,0\">Xehetasunarekiko pasioa: Gure ospea eraikitzen ari gara, eta, beraz, errehabilitazio bakoitzean akabera eta garbiketa maila handiagoa eskatzen diogu geure buruari.<\/p><\/li><\/ul>\t\t\t\t\t\t\t\t<\/div>\n\t\t\t\t\t<\/div>\n\t\t\t\t<\/div>\n\t\t<div class=\"elementor-element elementor-element-8695ce3 e-con-full e-flex e-con e-child\" data-id=\"8695ce3\" data-element_type=\"container\" data-e-type=\"container\">\n\t\t\t\t<div class=\"elementor-element elementor-element-e57bf4d elementor-widget elementor-widget-image\" data-id=\"e57bf4d\" data-element_type=\"widget\" data-e-type=\"widget\" data-widget_type=\"image.default\">\n\t\t\t\t\t\t\t\t\t\t\t\t\t\t\t<img decoding=\"async\" width=\"800\" height=\"562\" src=\"https:\/\/obrasbuspi.com\/wp-content\/uploads\/2026\/03\/Diseno-sin-titulo-10-1024x719.png\" class=\"attachment-large size-large wp-image-249\" alt=\"\" srcset=\"https:\/\/obrasbuspi.com\/wp-content\/uploads\/2026\/03\/Diseno-sin-titulo-10-1024x719.png 1024w, https:\/\/obrasbuspi.com\/wp-content\/uploads\/2026\/03\/Diseno-sin-titulo-10-300x211.png 300w, https:\/\/obrasbuspi.com\/wp-content\/uploads\/2026\/03\/Diseno-sin-titulo-10-768x539.png 768w, https:\/\/obrasbuspi.com\/wp-content\/uploads\/2026\/03\/Diseno-sin-titulo-10-18x12.png 18w, https:\/\/obrasbuspi.com\/wp-content\/uploads\/2026\/03\/Diseno-sin-titulo-10.png 1302w\" sizes=\"(max-width: 800px) 100vw, 800px\" \/>\t\t\t\t\t\t\t\t\t\t\t\t\t\t\t<\/div>\n\t\t\t\t<\/div>\n\t\t\t\t\t<\/div>\n\t\t\t\t<\/div>\n\t\t<div class=\"elementor-element elementor-element-86b4baa e-flex e-con-boxed e-con e-parent\" data-id=\"86b4baa\" data-element_type=\"container\" data-e-type=\"container\" data-settings=\"{&quot;background_background&quot;:&quot;classic&quot;}\">\n\t\t\t\t\t<div class=\"e-con-inner\">\n\t\t\t\t<div class=\"elementor-element elementor-element-a9aeb56 elementor-widget elementor-widget-heading\" data-id=\"a9aeb56\" data-element_type=\"widget\" data-e-type=\"widget\" data-widget_type=\"heading.default\">\n\t\t\t\t\t<h2 class=\"elementor-heading-title elementor-size-default\">Ikusi nahi duzu zer eskaintzen dugun?<\/h2>\t\t\t\t<\/div>\n\t\t\t\t<div class=\"elementor-element elementor-element-c4be0e9 elementor-widget elementor-widget-button\" data-id=\"c4be0e9\" data-element_type=\"widget\" data-e-type=\"widget\" data-widget_type=\"button.default\">\n\t\t\t\t\t\t\t\t\t\t<a class=\"elementor-button elementor-button-link elementor-size-sm\" href=\"https:\/\/obrasbuspi.com\/eu\/servicios\/\">\n\t\t\t\t\t\t<span class=\"elementor-button-content-wrapper\">\n\t\t\t\t\t\t\t\t\t<span class=\"elementor-button-text\">Egin klik hemen<\/span>\n\t\t\t\t\t<\/span>\n\t\t\t\t\t<\/a>\n\t\t\t\t\t\t\t\t<\/div>\n\t\t\t\t\t<\/div>\n\t\t\t\t<\/div>\n\t\t\t\t<\/div>","protected":false},"excerpt":{"rendered":"<p>OBRAS BUSPI Especialistas en transformar y proteger tu espacio. Nuestra Historia Obras Buspi naci\u00f3 de una visi\u00f3n clara: modernizar el sector de la construcci\u00f3n a trav\u00e9s de la cercan\u00eda y el compromiso real con cada proyecto. Somos una empresa joven, impulsada por la energ\u00eda de un equipo que cree que cada rehabilitaci\u00f3n es una oportunidad [&hellip;]<\/p>\n","protected":false},"author":1,"featured_media":0,"parent":0,"menu_order":0,"comment_status":"closed","ping_status":"closed","template":"elementor_canvas","meta":{"footnotes":""},"class_list":["post-9","page","type-page","status-publish","hentry"],"yoast_head":"<!-- This site is optimized with the Yoast SEO plugin v27.4 - https:\/\/yoast.com\/product\/yoast-seo-wordpress\/ -->\n<title>Inicio - Obras Buspi S.L.<\/title>\n<meta name=\"robots\" content=\"index, follow, max-snippet:-1, max-image-preview:large, max-video-preview:-1\" \/>\n<link rel=\"canonical\" href=\"https:\/\/obrasbuspi.com\/eu\/\" \/>\n<meta property=\"og:locale\" content=\"en_US\" \/>\n<meta property=\"og:type\" content=\"article\" \/>\n<meta property=\"og:title\" content=\"Inicio - Obras Buspi S.L.\" \/>\n<meta property=\"og:description\" content=\"OBRAS BUSPI Especialistas en transformar y proteger tu espacio. Nuestra Historia Obras Buspi naci\u00f3 de una visi\u00f3n clara: modernizar el sector de la construcci\u00f3n a trav\u00e9s de la cercan\u00eda y el compromiso real con cada proyecto. Somos una empresa joven, impulsada por la energ\u00eda de un equipo que cree que cada rehabilitaci\u00f3n es una oportunidad [&hellip;]\" \/>\n<meta property=\"og:url\" content=\"https:\/\/obrasbuspi.com\/eu\/\" \/>\n<meta property=\"og:site_name\" content=\"Obras Buspi S.L.\" \/>\n<meta property=\"article:modified_time\" content=\"2026-03-13T16:18:32+00:00\" \/>\n<meta property=\"og:image\" content=\"https:\/\/obrasbuspi.com\/wp-content\/uploads\/2026\/03\/Diseno-sin-titulo-9-1024x719.png\" \/>\n<meta name=\"twitter:card\" content=\"summary_large_image\" \/>\n<meta name=\"twitter:label1\" content=\"Est. reading time\" \/>\n\t<meta name=\"twitter:data1\" content=\"2 minutua\" \/>\n<script type=\"application\/ld+json\" class=\"yoast-schema-graph\">{\"@context\":\"https:\\\/\\\/schema.org\",\"@graph\":[{\"@type\":\"WebPage\",\"@id\":\"https:\\\/\\\/obrasbuspi.com\\\/\",\"url\":\"https:\\\/\\\/obrasbuspi.com\\\/\",\"name\":\"Inicio - Obras Buspi S.L.\",\"isPartOf\":{\"@id\":\"https:\\\/\\\/obrasbuspi.com\\\/#website\"},\"primaryImageOfPage\":{\"@id\":\"https:\\\/\\\/obrasbuspi.com\\\/#primaryimage\"},\"image\":{\"@id\":\"https:\\\/\\\/obrasbuspi.com\\\/#primaryimage\"},\"thumbnailUrl\":\"https:\\\/\\\/obrasbuspi.com\\\/wp-content\\\/uploads\\\/2026\\\/03\\\/Diseno-sin-titulo-9-1024x719.png\",\"datePublished\":\"2026-03-13T12:29:11+00:00\",\"dateModified\":\"2026-03-13T16:18:32+00:00\",\"breadcrumb\":{\"@id\":\"https:\\\/\\\/obrasbuspi.com\\\/#breadcrumb\"},\"inLanguage\":\"eu\",\"potentialAction\":[{\"@type\":\"ReadAction\",\"target\":[\"https:\\\/\\\/obrasbuspi.com\\\/\"]}]},{\"@type\":\"ImageObject\",\"inLanguage\":\"eu\",\"@id\":\"https:\\\/\\\/obrasbuspi.com\\\/#primaryimage\",\"url\":\"https:\\\/\\\/obrasbuspi.com\\\/wp-content\\\/uploads\\\/2026\\\/03\\\/Diseno-sin-titulo-9-1024x719.png\",\"contentUrl\":\"https:\\\/\\\/obrasbuspi.com\\\/wp-content\\\/uploads\\\/2026\\\/03\\\/Diseno-sin-titulo-9-1024x719.png\"},{\"@type\":\"BreadcrumbList\",\"@id\":\"https:\\\/\\\/obrasbuspi.com\\\/#breadcrumb\",\"itemListElement\":[{\"@type\":\"ListItem\",\"position\":1,\"name\":\"Portada\",\"item\":\"https:\\\/\\\/obrasbuspi.com\\\/\"},{\"@type\":\"ListItem\",\"position\":2,\"name\":\"Inicio\"}]},{\"@type\":\"WebSite\",\"@id\":\"https:\\\/\\\/obrasbuspi.com\\\/#website\",\"url\":\"https:\\\/\\\/obrasbuspi.com\\\/\",\"name\":\"Obras Buspi S.L.\",\"description\":\"\",\"publisher\":{\"@id\":\"https:\\\/\\\/obrasbuspi.com\\\/#organization\"},\"potentialAction\":[{\"@type\":\"SearchAction\",\"target\":{\"@type\":\"EntryPoint\",\"urlTemplate\":\"https:\\\/\\\/obrasbuspi.com\\\/?s={search_term_string}\"},\"query-input\":{\"@type\":\"PropertyValueSpecification\",\"valueRequired\":true,\"valueName\":\"search_term_string\"}}],\"inLanguage\":\"eu\"},{\"@type\":\"Organization\",\"@id\":\"https:\\\/\\\/obrasbuspi.com\\\/#organization\",\"name\":\"Obras Buspi S.L.\",\"url\":\"https:\\\/\\\/obrasbuspi.com\\\/\",\"logo\":{\"@type\":\"ImageObject\",\"inLanguage\":\"eu\",\"@id\":\"https:\\\/\\\/obrasbuspi.com\\\/#\\\/schema\\\/logo\\\/image\\\/\",\"url\":\"https:\\\/\\\/obrasbuspi.com\\\/wp-content\\\/uploads\\\/2026\\\/03\\\/cropped-obrasbuspi202603_logo_web-scaled-1.png\",\"contentUrl\":\"https:\\\/\\\/obrasbuspi.com\\\/wp-content\\\/uploads\\\/2026\\\/03\\\/cropped-obrasbuspi202603_logo_web-scaled-1.png\",\"width\":2557,\"height\":1932,\"caption\":\"Obras Buspi S.L.\"},\"image\":{\"@id\":\"https:\\\/\\\/obrasbuspi.com\\\/#\\\/schema\\\/logo\\\/image\\\/\"}}]}<\/script>\n<!-- \/ Yoast SEO plugin. -->","yoast_head_json":{"title":"Inicio - Obras Buspi S.L.","robots":{"index":"index","follow":"follow","max-snippet":"max-snippet:-1","max-image-preview":"max-image-preview:large","max-video-preview":"max-video-preview:-1"},"canonical":"https:\/\/obrasbuspi.com\/eu\/","og_locale":"en_US","og_type":"article","og_title":"Inicio - Obras Buspi S.L.","og_description":"OBRAS BUSPI Especialistas en transformar y proteger tu espacio. Nuestra Historia Obras Buspi naci\u00f3 de una visi\u00f3n clara: modernizar el sector de la construcci\u00f3n a trav\u00e9s de la cercan\u00eda y el compromiso real con cada proyecto. Somos una empresa joven, impulsada por la energ\u00eda de un equipo que cree que cada rehabilitaci\u00f3n es una oportunidad [&hellip;]","og_url":"https:\/\/obrasbuspi.com\/eu\/","og_site_name":"Obras Buspi S.L.","article_modified_time":"2026-03-13T16:18:32+00:00","og_image":[{"url":"https:\/\/obrasbuspi.com\/wp-content\/uploads\/2026\/03\/Diseno-sin-titulo-9-1024x719.png","type":"","width":"","height":""}],"twitter_card":"summary_large_image","twitter_misc":{"Est. reading time":"2 minutua"},"schema":{"@context":"https:\/\/schema.org","@graph":[{"@type":"WebPage","@id":"https:\/\/obrasbuspi.com\/","url":"https:\/\/obrasbuspi.com\/","name":"Inicio - Obras Buspi S.L.","isPartOf":{"@id":"https:\/\/obrasbuspi.com\/#website"},"primaryImageOfPage":{"@id":"https:\/\/obrasbuspi.com\/#primaryimage"},"image":{"@id":"https:\/\/obrasbuspi.com\/#primaryimage"},"thumbnailUrl":"https:\/\/obrasbuspi.com\/wp-content\/uploads\/2026\/03\/Diseno-sin-titulo-9-1024x719.png","datePublished":"2026-03-13T12:29:11+00:00","dateModified":"2026-03-13T16:18:32+00:00","breadcrumb":{"@id":"https:\/\/obrasbuspi.com\/#breadcrumb"},"inLanguage":"eu","potentialAction":[{"@type":"ReadAction","target":["https:\/\/obrasbuspi.com\/"]}]},{"@type":"ImageObject","inLanguage":"eu","@id":"https:\/\/obrasbuspi.com\/#primaryimage","url":"https:\/\/obrasbuspi.com\/wp-content\/uploads\/2026\/03\/Diseno-sin-titulo-9-1024x719.png","contentUrl":"https:\/\/obrasbuspi.com\/wp-content\/uploads\/2026\/03\/Diseno-sin-titulo-9-1024x719.png"},{"@type":"BreadcrumbList","@id":"https:\/\/obrasbuspi.com\/#breadcrumb","itemListElement":[{"@type":"ListItem","position":1,"name":"Portada","item":"https:\/\/obrasbuspi.com\/"},{"@type":"ListItem","position":2,"name":"Inicio"}]},{"@type":"WebSite","@id":"https:\/\/obrasbuspi.com\/#website","url":"https:\/\/obrasbuspi.com\/","name":"Obras Buspi S.L.","description":"","publisher":{"@id":"https:\/\/obrasbuspi.com\/#organization"},"potentialAction":[{"@type":"SearchAction","target":{"@type":"EntryPoint","urlTemplate":"https:\/\/obrasbuspi.com\/?s={search_term_string}"},"query-input":{"@type":"PropertyValueSpecification","valueRequired":true,"valueName":"search_term_string"}}],"inLanguage":"eu"},{"@type":"Organization","@id":"https:\/\/obrasbuspi.com\/#organization","name":"Obras Buspi S.L.","url":"https:\/\/obrasbuspi.com\/","logo":{"@type":"ImageObject","inLanguage":"eu","@id":"https:\/\/obrasbuspi.com\/#\/schema\/logo\/image\/","url":"https:\/\/obrasbuspi.com\/wp-content\/uploads\/2026\/03\/cropped-obrasbuspi202603_logo_web-scaled-1.png","contentUrl":"https:\/\/obrasbuspi.com\/wp-content\/uploads\/2026\/03\/cropped-obrasbuspi202603_logo_web-scaled-1.png","width":2557,"height":1932,"caption":"Obras Buspi S.L."},"image":{"@id":"https:\/\/obrasbuspi.com\/#\/schema\/logo\/image\/"}}]}},"_links":{"self":[{"href":"https:\/\/obrasbuspi.com\/eu\/wp-json\/wp\/v2\/pages\/9","targetHints":{"allow":["GET"]}}],"collection":[{"href":"https:\/\/obrasbuspi.com\/eu\/wp-json\/wp\/v2\/pages"}],"about":[{"href":"https:\/\/obrasbuspi.com\/eu\/wp-json\/wp\/v2\/types\/page"}],"author":[{"embeddable":true,"href":"https:\/\/obrasbuspi.com\/eu\/wp-json\/wp\/v2\/users\/1"}],"replies":[{"embeddable":true,"href":"https:\/\/obrasbuspi.com\/eu\/wp-json\/wp\/v2\/comments?post=9"}],"version-history":[{"count":62,"href":"https:\/\/obrasbuspi.com\/eu\/wp-json\/wp\/v2\/pages\/9\/revisions"}],"predecessor-version":[{"id":285,"href":"https:\/\/obrasbuspi.com\/eu\/wp-json\/wp\/v2\/pages\/9\/revisions\/285"}],"wp:attachment":[{"href":"https:\/\/obrasbuspi.com\/eu\/wp-json\/wp\/v2\/media?parent=9"}],"curies":[{"name":"wp","href":"https:\/\/api.w.org\/{rel}","templated":true}]}}